{"id":1082,"date":"2021-01-26T11:40:26","date_gmt":"2021-01-26T11:40:26","guid":{"rendered":"https:\/\/puiduhake.com\/esileht\/"},"modified":"2023-10-20T16:40:09","modified_gmt":"2023-10-20T16:40:09","slug":"esileht","status":"publish","type":"page","link":"https:\/\/puiduhake.com\/ru\/","title":{"rendered":"\u0413\u043b\u0430\u0432\u043d\u0430\u044f"},"content":{"rendered":"\t\t<div data-elementor-type=\"wp-page\" data-elementor-id=\"1082\" class=\"elementor elementor-1082\" data-elementor-post-type=\"page\">\n\t\t\t\t\t\t<section class=\"elementor-section elementor-top-section elementor-element elementor-element-40008d2e elementor-section-height-min-height elementor-section-boxed elementor-section-height-default elementor-section-items-middle\" data-id=\"40008d2e\" data-element_type=\"section\" data-e-type=\"section\" data-settings=\"{&quot;background_background&quot;:&quot;classic&quot;,&quot;shape_divider_bottom&quot;:&quot;mountains&quot;}\">\n\t\t\t\t\t<div class=\"elementor-shape elementor-shape-bottom\" aria-hidden=\"true\" data-negative=\"false\">\n\t\t\t<svg xmlns=\"http:\/\/www.w3.org\/2000\/svg\" viewBox=\"0 0 1000 100\" preserveAspectRatio=\"none\">\n\t<path class=\"elementor-shape-fill\" opacity=\"0.33\" d=\"M473,67.3c-203.9,88.3-263.1-34-320.3,0C66,119.1,0,59.7,0,59.7V0h1000v59.7 c0,0-62.1,26.1-94.9,29.3c-32.8,3.3-62.8-12.3-75.8-22.1C806,49.6,745.3,8.7,694.9,4.7S492.4,59,473,67.3z\"\/>\n\t<path class=\"elementor-shape-fill\" opacity=\"0.66\" d=\"M734,67.3c-45.5,0-77.2-23.2-129.1-39.1c-28.6-8.7-150.3-10.1-254,39.1 s-91.7-34.4-149.2,0C115.7,118.3,0,39.8,0,39.8V0h1000v36.5c0,0-28.2-18.5-92.1-18.5C810.2,18.1,775.7,67.3,734,67.3z\"\/>\n\t<path class=\"elementor-shape-fill\" d=\"M766.1,28.9c-200-57.5-266,65.5-395.1,19.5C242,1.8,242,5.4,184.8,20.6C128,35.8,132.3,44.9,89.9,52.5C28.6,63.7,0,0,0,0 h1000c0,0-9.9,40.9-83.6,48.1S829.6,47,766.1,28.9z\"\/>\n<\/svg>\t\t<\/div>\n\t\t\t\t\t<div class=\"elementor-container elementor-column-gap-default\">\n\t\t\t\t\t<div class=\"elementor-column elementor-col-100 elementor-top-column elementor-element elementor-element-4de574e4 animated-slow elementor-invisible\" data-id=\"4de574e4\" data-element_type=\"column\" data-e-type=\"column\" data-settings=\"{&quot;animation&quot;:&quot;fadeInLeft&quot;}\">\n\t\t\t<div class=\"elementor-widget-wrap elementor-element-populated\">\n\t\t\t\t\t\t<div class=\"elementor-element elementor-element-5de54cf5 elementor-widget elementor-widget-heading\" data-id=\"5de54cf5\" data-element_type=\"widget\" data-e-type=\"widget\" data-widget_type=\"heading.default\">\n\t\t\t\t<div class=\"elementor-widget-container\">\n\t\t\t\t\t<h1 class=\"elementor-heading-title elementor-size-default\">\u0429\u0435\u043f\u0430 \u0438 \u0431\u0438\u043e\u044d\u043d\u0435\u0440\u0433\u0438\u044f<br>\n\u041e\u0431\u0440\u0435\u0437\u043a\u0430 \u0438 \u0432\u044b\u0440\u0443\u0431\u043a\u0430 \u043a\u0443\u0441\u0442\u0430\u0440\u043d\u0438\u043a\u0430<br>\n\u0412\u0430\u043b\u043a\u0430 \u0430\u0432\u0430\u0440\u0438\u0439\u043d\u043e-\u043e\u043f\u0430\u0441\u043d\u044b\u0445 \u0434\u0435\u0440\u0435\u0432\u044c\u0435\u0432<\/h1>\t\t\t\t<\/div>\n\t\t\t\t<\/div>\n\t\t\t\t\t<\/div>\n\t\t<\/div>\n\t\t\t\t\t<\/div>\n\t\t<\/section>\n\t\t\t\t<section class=\"elementor-section elementor-top-section elementor-element elementor-element-6b47c7e2 elementor-section-content-middle elementor-section-boxed elementor-section-height-default elementor-section-height-default elementor-invisible\" data-id=\"6b47c7e2\" data-element_type=\"section\" data-e-type=\"section\" data-settings=\"{&quot;animation&quot;:&quot;fadeInUp&quot;}\">\n\t\t\t\t\t\t<div class=\"elementor-container elementor-column-gap-no\">\n\t\t\t\t\t<div class=\"elementor-column elementor-col-50 elementor-top-column elementor-element elementor-element-177ee465\" data-id=\"177ee465\" data-element_type=\"column\" data-e-type=\"column\" data-settings=\"{&quot;background_background&quot;:&quot;classic&quot;}\">\n\t\t\t<div class=\"elementor-widget-wrap elementor-element-populated\">\n\t\t\t\t\t\t<div class=\"elementor-element elementor-element-2004f386 elementor-skin-coverflow elementor-arrows-yes elementor-widget elementor-widget-media-carousel\" data-id=\"2004f386\" data-element_type=\"widget\" data-e-type=\"widget\" data-settings=\"{&quot;slides_per_view&quot;:&quot;3&quot;,&quot;skin&quot;:&quot;coverflow&quot;,&quot;slides_per_view_mobile&quot;:&quot;1&quot;,&quot;show_arrows&quot;:&quot;yes&quot;,&quot;speed&quot;:500,&quot;autoplay&quot;:&quot;yes&quot;,&quot;autoplay_speed&quot;:5000,&quot;loop&quot;:&quot;yes&quot;,&quot;pause_on_hover&quot;:&quot;yes&quot;,&quot;pause_on_interaction&quot;:&quot;yes&quot;,&quot;space_between&quot;:{&quot;unit&quot;:&quot;px&quot;,&quot;size&quot;:10,&quot;sizes&quot;:[]},&quot;space_between_tablet&quot;:{&quot;unit&quot;:&quot;px&quot;,&quot;size&quot;:10,&quot;sizes&quot;:[]},&quot;space_between_mobile&quot;:{&quot;unit&quot;:&quot;px&quot;,&quot;size&quot;:10,&quot;sizes&quot;:[]}}\" data-widget_type=\"media-carousel.default\">\n\t\t\t\t<div class=\"elementor-widget-container\">\n\t\t\t\t\t\t\t\t\t<div class=\"elementor-swiper\">\n\t\t\t\t\t<div class=\"elementor-main-swiper swiper\" role=\"region\" aria-roledescription=\"carousel\" aria-label=\"Slides\">\n\t\t\t\t<div class=\"swiper-wrapper\">\n\t\t\t\t\t\t\t\t\t\t\t<div class=\"swiper-slide\" role=\"group\" aria-roledescription=\"slide\">\n\t\t\t\t\t\t\t\t\t<div class=\"elementor-carousel-image\" role=\"img\" aria-label=\"Hakkepuit terviseradadele\" style=\"background-image: url(&#039;https:\/\/puiduhake.com\/wp-content\/uploads\/2021\/01\/Hakkepuit-terviserajale-scaled.jpeg&#039;)\">\n\n\t\t\t\n\t\t\t\t\t<\/div>\n\t\t\t\t\t\t\t\t<\/div>\n\t\t\t\t\t\t\t\t\t\t\t<div class=\"swiper-slide\" role=\"group\" aria-roledescription=\"slide\">\n\t\t\t\t\t\t\t\t\t<div class=\"elementor-carousel-image\" role=\"img\" aria-label=\"Mults kotis\" style=\"background-image: url(&#039;https:\/\/puiduhake.com\/wp-content\/uploads\/2021\/01\/40-eurot-m3-kotis-scaled.jpeg&#039;)\">\n\n\t\t\t\n\t\t\t\t\t<\/div>\n\t\t\t\t\t\t\t\t<\/div>\n\t\t\t\t\t\t\t\t\t\t\t<div class=\"swiper-slide\" role=\"group\" aria-roledescription=\"slide\">\n\t\t\t\t\t\t\t\t\t<div class=\"elementor-carousel-image\" role=\"img\" aria-label=\"v\u00f5sal\u00f5ikus, v\u00f5saraie, raiet\u00f6\u00f6d, k\u00e4ndude juurimine\" style=\"background-image: url(&#039;https:\/\/puiduhake.com\/wp-content\/uploads\/2020\/11\/IMG_6231.jpeg&#039;)\">\n\n\t\t\t\n\t\t\t\t\t<\/div>\n\t\t\t\t\t\t\t\t<\/div>\n\t\t\t\t\t\t\t\t\t\t\t<div class=\"swiper-slide\" role=\"group\" aria-roledescription=\"slide\">\n\t\t\t\t\t\t\t\t\t<div class=\"elementor-carousel-image\" role=\"img\" aria-label=\"Haaratsiga multilifts\u00f5iduk\" style=\"background-image: url(&#039;https:\/\/puiduhake.com\/wp-content\/uploads\/2020\/05\/Haaratsiga-multilifts\u00f5iduk.jpeg&#039;)\">\n\n\t\t\t\n\t\t\t\t\t<\/div>\n\t\t\t\t\t\t\t\t<\/div>\n\t\t\t\t\t\t\t\t\t\t\t<div class=\"swiper-slide\" role=\"group\" aria-roledescription=\"slide\">\n\t\t\t\t\t\t\t\t\t<div class=\"elementor-carousel-image\" role=\"img\" aria-label=\"Puit\" style=\"background-image: url(&#039;https:\/\/puiduhake.com\/wp-content\/uploads\/2013\/10\/Puiduhake-033.jpg&#039;)\">\n\n\t\t\t\n\t\t\t\t\t<\/div>\n\t\t\t\t\t\t\t\t<\/div>\n\t\t\t\t\t\t\t\t\t<\/div>\n\t\t\t\t\t\t\t\t\t\t\t\t\t\t\t<div class=\"elementor-swiper-button elementor-swiper-button-prev\" role=\"button\" tabindex=\"0\" aria-label=\"Previous\">\n\t\t\t\t\t\t\t<i aria-hidden=\"true\" class=\"eicon-chevron-left\"><\/i>\t\t\t\t\t\t<\/div>\n\t\t\t\t\t\t<div class=\"elementor-swiper-button elementor-swiper-button-next\" role=\"button\" tabindex=\"0\" aria-label=\"Next\">\n\t\t\t\t\t\t\t<i aria-hidden=\"true\" class=\"eicon-chevron-right\"><\/i>\t\t\t\t\t\t<\/div>\n\t\t\t\t\t\t\t\t\t\t\t\t\t\t\t\t\t<\/div>\n\t\t\t\t<\/div>\n\t\t\t\t\t\t\t\t<\/div>\n\t\t\t\t<\/div>\n\t\t\t\t\t<\/div>\n\t\t<\/div>\n\t\t\t\t<div class=\"elementor-column elementor-col-50 elementor-top-column elementor-element elementor-element-78b242a0\" data-id=\"78b242a0\" data-element_type=\"column\" data-e-type=\"column\">\n\t\t\t<div class=\"elementor-widget-wrap elementor-element-populated\">\n\t\t\t\t\t\t<div class=\"elementor-element elementor-element-60aeec93 elementor-widget elementor-widget-heading\" data-id=\"60aeec93\" data-element_type=\"widget\" data-e-type=\"widget\" data-widget_type=\"heading.default\">\n\t\t\t\t<div class=\"elementor-widget-container\">\n\t\t\t\t\t<h3 class=\"elementor-heading-title elementor-size-large\">\u041e \u043a\u043e\u043c\u043f\u0430\u043d\u0438\u0438<\/h3>\t\t\t\t<\/div>\n\t\t\t\t<\/div>\n\t\t\t\t<div class=\"elementor-element elementor-element-1d58b32b elementor-widget elementor-widget-text-editor\" data-id=\"1d58b32b\" data-element_type=\"widget\" data-e-type=\"widget\" data-widget_type=\"text-editor.default\">\n\t\t\t\t<div class=\"elementor-widget-container\">\n\t\t\t\t\t\t\t\t\t<p><a href=\"http:\/\/puiduhake.com\/\">Puiduhake.com<\/a> O\u00dc \u2014 \u043f\u0440\u0435\u0434\u043f\u0440\u0438\u044f\u0442\u0438\u0435, \u043f\u043e\u043b\u043d\u043e\u0441\u0442\u044c\u044e \u043e\u0441\u043d\u043e\u0432\u0430\u043d\u043d\u043e\u0435 \u043d\u0430 \u044d\u0441\u0442\u043e\u043d\u0441\u043a\u043e\u043c \u043a\u0430\u043f\u0438\u0442\u0430\u043b\u0435. \u0412\u044b\u043f\u043e\u043b\u043d\u044f\u0435\u043c <a href=\"https:\/\/puiduhake.com\/teenused\/raietood\/\">\u0432\u0430\u043b\u043e\u0447\u043d\u044b\u0435 \u0440\u0430\u0431\u043e\u0442\u044b<\/a>, <a href=\"http:\/\/puiduhake.com\/teenused\/vosaloikus\/\">\u043e\u0431\u0440\u0435\u0437\u043a\u0443 \u043a\u0443\u0441\u0442\u0430\u0440\u043d\u0438\u043a\u0430, \u043e\u043a\u0430\u0437\u044b\u0432\u0430\u0435\u043c \u0443\u0441\u043b\u0443\u0433\u0438 \u043f\u043e \u0432\u044b\u0432\u043e\u0437\u0443 \u0434\u0440\u0435\u0432\u0435\u0441\u0438\u043d\u044b, <\/a>\u043f\u0440\u043e\u0438\u0437\u0432\u043e\u0434\u0438\u043c <a href=\"https:\/\/puiduhake.com\/teenused\/hakkepuit\/\">\u0449\u0435\u043f\u0443<\/a> \u0438\u0437 \u043a\u0443\u0441\u0442\u0430\u0440\u043d\u0438\u043a\u0430 \u0438 \u0441\u0440\u0443\u0431\u043b\u0435\u043d\u043d\u043e\u0433\u043e \u043c\u0430\u0442\u0435\u0440\u0438\u0430\u043b\u0430. \u041a\u0440\u043e\u043c\u0435 \u0442\u043e\u0433\u043e, \u043f\u0440\u0435\u0434\u043b\u0430\u0433\u0430\u0435\u043c \u0443\u0441\u043b\u0443\u0433\u0438 \u043c\u043d\u043e\u0433\u043e\u0446\u0435\u043b\u0435\u0432\u043e\u0433\u043e \u0433\u0440\u0443\u0437\u043e\u0432\u043e\u0433\u043e \u0442\u0440\u0430\u043d\u0441\u043f\u043e\u0440\u0442\u0430 \u0438 \u0442\u0435\u043b\u0435\u0441\u043a\u043e\u043f\u0438\u0447\u0435\u0441\u043a\u043e\u0433\u043e \u043f\u043e\u0433\u0440\u0443\u0437\u0447\u0438\u043a\u0430, \u0430 \u0442\u0430\u043a\u0436\u0435 \u0443\u0441\u043b\u0443\u0433\u0443 \u043f\u043e \u0443\u0431\u043e\u0440\u043a\u0435 \u0441\u043d\u0435\u0433\u0430.<\/p><p>\u041d\u0430\u0448\u0438 \u043e\u0441\u043d\u043e\u0432\u043d\u044b\u0435 \u043a\u043b\u0438\u0435\u043d\u0442\u044b \u2014 \u0434\u0435\u0432\u0435\u043b\u043e\u043f\u0435\u0440\u044b\/\u0443\u043f\u0440\u0430\u0432\u043b\u044f\u044e\u0449\u0438\u0435 \u043d\u0435\u0434\u0432\u0438\u0436\u0438\u043c\u043e\u0441\u0442\u044c\u044e, \u0432\u043b\u0430\u0434\u0435\u043b\u044c\u0446\u044b \u0438 \u043e\u0431\u0441\u043b\u0443\u0436\u0438\u0432\u0430\u044e\u0449\u0438\u0435 \u043a\u043e\u043c\u043f\u0430\u043d\u0438\u0438 \u0442\u0440\u0430\u0441\u0441\/\u0434\u043e\u0440\u043e\u0433, \u0441\u0442\u0440\u043e\u0438\u0442\u0435\u043b\u044c\u043d\u044b\u0435 \u0444\u0438\u0440\u043c\u044b, \u043c\u0435\u0441\u0442\u043d\u044b\u0435 \u0441\u0430\u043c\u043e\u0443\u043f\u0440\u0430\u0432\u043b\u0435\u043d\u0438\u044f, \u0447\u0430\u0441\u0442\u043d\u044b\u0435 \u043b\u0438\u0446\u0430 \u0438 \u0437\u0435\u043c\u043b\u0435\u0434\u0435\u043b\u044c\u0446\u044b.<\/p>\t\t\t\t\t\t\t\t<\/div>\n\t\t\t\t<\/div>\n\t\t\t\t\t<\/div>\n\t\t<\/div>\n\t\t\t\t\t<\/div>\n\t\t<\/section>\n\t\t\t\t<section class=\"elementor-section elementor-inner-section elementor-element elementor-element-1ccd26a6 elementor-section-content-middle elementor-section-boxed elementor-section-height-default elementor-section-height-default\" data-id=\"1ccd26a6\" data-element_type=\"section\" data-e-type=\"section\">\n\t\t\t\t\t\t<div class=\"elementor-container elementor-column-gap-no\">\n\t\t\t\t\t<div class=\"elementor-column elementor-col-100 elementor-inner-column elementor-element elementor-element-5f3c602a\" data-id=\"5f3c602a\" data-element_type=\"column\" data-e-type=\"column\">\n\t\t\t<div class=\"elementor-widget-wrap elementor-element-populated\">\n\t\t\t\t\t\t<div class=\"elementor-element elementor-element-2e3198b2 elementor-skin-carousel elementor-pagination-type-bullets elementor-pagination-position-outside elementor-widget elementor-widget-media-carousel\" data-id=\"2e3198b2\" data-element_type=\"widget\" data-e-type=\"widget\" data-settings=\"{&quot;slides_per_view&quot;:&quot;5&quot;,&quot;space_between&quot;:{&quot;unit&quot;:&quot;px&quot;,&quot;size&quot;:0,&quot;sizes&quot;:[]},&quot;slides_to_scroll&quot;:&quot;2&quot;,&quot;slides_per_view_mobile&quot;:&quot;2&quot;,&quot;skin&quot;:&quot;carousel&quot;,&quot;effect&quot;:&quot;slide&quot;,&quot;pagination&quot;:&quot;bullets&quot;,&quot;speed&quot;:500,&quot;autoplay&quot;:&quot;yes&quot;,&quot;autoplay_speed&quot;:5000,&quot;loop&quot;:&quot;yes&quot;,&quot;pause_on_hover&quot;:&quot;yes&quot;,&quot;pause_on_interaction&quot;:&quot;yes&quot;,&quot;space_between_tablet&quot;:{&quot;unit&quot;:&quot;px&quot;,&quot;size&quot;:10,&quot;sizes&quot;:[]},&quot;space_between_mobile&quot;:{&quot;unit&quot;:&quot;px&quot;,&quot;size&quot;:10,&quot;sizes&quot;:[]}}\" data-widget_type=\"media-carousel.default\">\n\t\t\t\t<div class=\"elementor-widget-container\">\n\t\t\t\t\t\t\t\t\t<div class=\"elementor-swiper\">\n\t\t\t\t\t<div class=\"elementor-main-swiper swiper\" role=\"region\" aria-roledescription=\"carousel\" aria-label=\"Slides\">\n\t\t\t\t<div class=\"swiper-wrapper\">\n\t\t\t\t\t\t\t\t\t\t\t<div class=\"swiper-slide\" role=\"group\" aria-roledescription=\"slide\">\n\t\t\t\t\t\t\t<a href=\"https:\/\/www.aripaev.ee\/sisuturundus\/2017\/02\/17\/gasell-puiduhakecom-eesmark-metsandusettevotete-top10\">\t\t<div class=\"elementor-carousel-image\" role=\"img\" aria-label=\"\u00c4rip\u00e4ev\" style=\"background-image: url(&#039;https:\/\/puiduhake.com\/wp-content\/uploads\/2017\/04\/gasellfirma.png&#039;)\">\n\n\t\t\t\n\t\t\t\t\t<\/div>\n\t\t<\/a>\t\t\t\t\t\t<\/div>\n\t\t\t\t\t\t\t\t\t\t\t<div class=\"swiper-slide\" role=\"group\" aria-roledescription=\"slide\">\n\t\t\t\t\t\t\t\t\t<div class=\"elementor-carousel-image\" role=\"img\" aria-label=\"Leader Eesti\" style=\"background-image: url(&#039;https:\/\/puiduhake.com\/wp-content\/uploads\/2017\/12\/leader-logo-suur.jpg&#039;)\">\n\n\t\t\t\n\t\t\t\t\t<\/div>\n\t\t\t\t\t\t\t\t<\/div>\n\t\t\t\t\t\t\t\t\t\t\t<div class=\"swiper-slide\" role=\"group\" aria-roledescription=\"slide\">\n\t\t\t\t\t\t\t\t\t<div class=\"elementor-carousel-image\" role=\"img\" aria-label=\"Euroopa Liit\" style=\"background-image: url(&#039;https:\/\/puiduhake.com\/wp-content\/uploads\/2013\/08\/regiologo2.png&#039;)\">\n\n\t\t\t\n\t\t\t\t\t<\/div>\n\t\t\t\t\t\t\t\t<\/div>\n\t\t\t\t\t\t\t\t\t\t\t<div class=\"swiper-slide\" role=\"group\" aria-roledescription=\"slide\">\n\t\t\t\t\t\t\t<a href=\"https:\/\/www.maakinnisvara.ee\/\">\t\t<div class=\"elementor-carousel-image\" role=\"img\" aria-label=\"\" style=\"background-image: url(&#039;https:\/\/puiduhake.com\/wp-content\/uploads\/2021\/01\/Logo-2-kodukale-768x465-1.png&#039;)\">\n\n\t\t\t\n\t\t\t\t\t<\/div>\n\t\t<\/a>\t\t\t\t\t\t<\/div>\n\t\t\t\t\t\t\t\t\t\t\t<div class=\"swiper-slide\" role=\"group\" aria-roledescription=\"slide\">\n\t\t\t\t\t\t\t\t\t<div class=\"elementor-carousel-image\" role=\"img\" aria-label=\"Eesti Keskkonnajuhtimise Assotsiatsioon\" style=\"background-image: url(&#039;https:\/\/puiduhake.com\/wp-content\/uploads\/2019\/02\/ekalogo.png&#039;)\">\n\n\t\t\t\n\t\t\t\t\t<\/div>\n\t\t\t\t\t\t\t\t<\/div>\n\t\t\t\t\t\t\t\t\t\t\t<div class=\"swiper-slide\" role=\"group\" aria-roledescription=\"slide\">\n\t\t\t\t\t\t\t\t\t<div class=\"elementor-carousel-image\" role=\"img\" aria-label=\"Puiduk\u00e4itlus O\u00dc\" style=\"background-image: url(&#039;https:\/\/puiduhake.com\/wp-content\/uploads\/2021\/01\/pk.png&#039;)\">\n\n\t\t\t\n\t\t\t\t\t<\/div>\n\t\t\t\t\t\t\t\t<\/div>\n\t\t\t\t\t\t\t\t\t<\/div>\n\t\t\t\t\t\t\t\t\t\t\t\t\t\t\t\t\t\t\t\t<div class=\"swiper-pagination\"><\/div>\n\t\t\t\t\t\t\t\t\t\t\t\t<\/div>\n\t\t\t\t<\/div>\n\t\t\t\t\t\t\t\t<\/div>\n\t\t\t\t<\/div>\n\t\t\t\t\t<\/div>\n\t\t<\/div>\n\t\t\t\t\t<\/div>\n\t\t<\/section>\n\t\t\t\t<\/div>\n\t\t","protected":false},"excerpt":{"rendered":"<p>\u0429\u0435\u043f\u0430 \u0438 \u0431\u0438\u043e\u044d\u043d\u0435\u0440\u0433\u0438\u044f \u041e\u0431\u0440\u0435\u0437\u043a\u0430 \u0438 \u0432\u044b\u0440\u0443\u0431\u043a\u0430 \u043a\u0443\u0441\u0442\u0430\u0440\u043d\u0438\u043a\u0430 \u0412\u0430\u043b\u043a\u0430 \u0430\u0432\u0430\u0440\u0438\u0439\u043d\u043e-\u043e\u043f\u0430\u0441\u043d\u044b\u0445 \u0434\u0435\u0440\u0435\u0432\u044c\u0435\u0432 Previous Next \u041e \u043a\u043e\u043c\u043f\u0430\u043d\u0438\u0438 Puiduhake.com O\u00dc \u2014 \u043f\u0440\u0435\u0434\u043f\u0440\u0438\u044f\u0442\u0438\u0435, \u043f\u043e\u043b\u043d\u043e\u0441\u0442\u044c\u044e \u043e\u0441\u043d\u043e\u0432\u0430\u043d\u043d\u043e\u0435 \u043d\u0430 \u044d\u0441\u0442\u043e\u043d\u0441\u043a\u043e\u043c \u043a\u0430\u043f\u0438\u0442\u0430\u043b\u0435. \u0412\u044b\u043f\u043e\u043b\u043d\u044f\u0435\u043c \u0432\u0430\u043b\u043e\u0447\u043d\u044b\u0435 \u0440\u0430\u0431\u043e\u0442\u044b, \u043e\u0431\u0440\u0435\u0437\u043a\u0443 \u043a\u0443\u0441\u0442\u0430\u0440\u043d\u0438\u043a\u0430, \u043e\u043a\u0430\u0437\u044b\u0432\u0430\u0435\u043c \u0443\u0441\u043b\u0443\u0433\u0438 \u043f\u043e \u0432\u044b\u0432\u043e\u0437\u0443 \u0434\u0440\u0435\u0432\u0435\u0441\u0438\u043d\u044b, \u043f\u0440\u043e\u0438\u0437\u0432\u043e\u0434\u0438\u043c \u0449\u0435\u043f\u0443 \u0438\u0437 \u043a\u0443\u0441\u0442\u0430\u0440\u043d\u0438\u043a\u0430 \u0438 \u0441\u0440\u0443\u0431\u043b\u0435\u043d\u043d\u043e\u0433\u043e \u043c\u0430\u0442\u0435\u0440\u0438\u0430\u043b\u0430. \u041a\u0440\u043e\u043c\u0435 \u0442\u043e\u0433\u043e, \u043f\u0440\u0435\u0434\u043b\u0430\u0433\u0430\u0435\u043c \u0443\u0441\u043b\u0443\u0433\u0438 \u043c\u043d\u043e\u0433\u043e\u0446\u0435\u043b\u0435\u0432\u043e\u0433\u043e \u0433\u0440\u0443\u0437\u043e\u0432\u043e\u0433\u043e \u0442\u0440\u0430\u043d\u0441\u043f\u043e\u0440\u0442\u0430 \u0438 \u0442\u0435\u043b\u0435\u0441\u043a\u043e\u043f\u0438\u0447\u0435\u0441\u043a\u043e\u0433\u043e \u043f\u043e\u0433\u0440\u0443\u0437\u0447\u0438\u043a\u0430, \u0430 \u0442\u0430\u043a\u0436\u0435 \u0443\u0441\u043b\u0443\u0433\u0443 \u043f\u043e \u0443\u0431\u043e\u0440\u043a\u0435 [&hellip;]<\/p>\n","protected":false},"author":8,"featured_media":0,"parent":0,"menu_order":0,"comment_status":"closed","ping_status":"closed","template":"","meta":{"footnotes":""},"class_list":["post-1082","page","type-page","status-publish","hentry"],"aioseo_notices":[],"_links":{"self":[{"href":"https:\/\/puiduhake.com\/ru\/wp-json\/wp\/v2\/pages\/1082","targetHints":{"allow":["GET"]}}],"collection":[{"href":"https:\/\/puiduhake.com\/ru\/wp-json\/wp\/v2\/pages"}],"about":[{"href":"https:\/\/puiduhake.com\/ru\/wp-json\/wp\/v2\/types\/page"}],"author":[{"embeddable":true,"href":"https:\/\/puiduhake.com\/ru\/wp-json\/wp\/v2\/users\/8"}],"replies":[{"embeddable":true,"href":"https:\/\/puiduhake.com\/ru\/wp-json\/wp\/v2\/comments?post=1082"}],"version-history":[{"count":18,"href":"https:\/\/puiduhake.com\/ru\/wp-json\/wp\/v2\/pages\/1082\/revisions"}],"predecessor-version":[{"id":3439,"href":"https:\/\/puiduhake.com\/ru\/wp-json\/wp\/v2\/pages\/1082\/revisions\/3439"}],"wp:attachment":[{"href":"https:\/\/puiduhake.com\/ru\/wp-json\/wp\/v2\/media?parent=1082"}],"curies":[{"name":"wp","href":"https:\/\/api.w.org\/{rel}","templated":true}]}}